{"id":8,"date":"2020-07-15T09:46:26","date_gmt":"2020-07-15T07:46:26","guid":{"rendered":"https:\/\/deutsch-im-dialog.eu\/?page_id=8"},"modified":"2021-03-05T10:21:10","modified_gmt":"2021-03-05T09:21:10","slug":"startseite-sprache-und-kultur","status":"publish","type":"page","link":"https:\/\/deutsch-im-dialog.eu\/pl\/","title":{"rendered":"J\u0119zyk i Kultura"},"content":{"rendered":"<div data-elementor-type=\"wp-page\" data-elementor-id=\"8\" class=\"elementor elementor-8\">\n\t\t\t\t\t\t<section class=\"elementor-section elementor-top-section elementor-element elementor-element-c37facd elementor-section-boxed elementor-section-height-default elementor-section-height-default\" data-id=\"c37facd\" data-element_type=\"section\">\n\t\t\t\t\t\t<div class=\"elementor-container elementor-column-gap-default\">\n\t\t\t\t\t<div class=\"elementor-column elementor-col-50 elementor-top-column elementor-element elementor-element-a27834b\" data-id=\"a27834b\" data-element_type=\"column\">\n\t\t\t<div class=\"elementor-widget-wrap elementor-element-populated\">\n\t\t\t\t\t\t<div class=\"elementor-element elementor-element-d70af00 elementor-widget elementor-widget-spacer\" data-id=\"d70af00\" data-element_type=\"widget\" data-widget_type=\"spacer.default\">\n\t\t\t\t<div class=\"elementor-widget-container\">\n\t\t\t\t\t\t\t<div class=\"elementor-spacer\">\n\t\t\t<div class=\"elementor-spacer-inner\"><\/div>\n\t\t<\/div>\n\t\t\t\t\t\t<\/div>\n\t\t\t\t<\/div>\n\t\t\t\t<div class=\"elementor-element elementor-element-24214e2 elementor-widget elementor-widget-heading\" data-id=\"24214e2\" data-element_type=\"widget\" data-widget_type=\"heading.default\">\n\t\t\t\t<div class=\"elementor-widget-container\">\n\t\t\t\t\t<h1 class=\"elementor-heading-title elementor-size-default\">Nauka j\u0119zyka niemieckiego \u2013 Poznawanie kultury niemieckiej \u2013 Spotkania z Niemcami<\/h1>\t\t\t\t<\/div>\n\t\t\t\t<\/div>\n\t\t\t\t<div class=\"elementor-element elementor-element-8de2649 elementor-widget elementor-widget-spacer\" data-id=\"8de2649\" data-element_type=\"widget\" data-widget_type=\"spacer.default\">\n\t\t\t\t<div class=\"elementor-widget-container\">\n\t\t\t\t\t\t\t<div class=\"elementor-spacer\">\n\t\t\t<div class=\"elementor-spacer-inner\"><\/div>\n\t\t<\/div>\n\t\t\t\t\t\t<\/div>\n\t\t\t\t<\/div>\n\t\t\t\t<div class=\"elementor-element elementor-element-663e318 elementor-widget elementor-widget-text-editor\" data-id=\"663e318\" data-element_type=\"widget\" data-widget_type=\"text-editor.default\">\n\t\t\t\t<div class=\"elementor-widget-container\">\n\t\t\t\t\t\t\t\t\t<p>Szukasz wykwalifikowanego nauczyciela do indywidualnej nauki j\u0119zyka niemieckiego, poniewa\u017c<\/p>\n<p><\/p>\n<ul>\n<li>chcesz pracowa\u0107 lub studiowa\u0107 w Niemczech?<\/li>\n<li>chcesz poprawi\u0107 swoj\u0105 wymow\u0119?<\/li>\n<li>przygotowujesz si\u0119 do egzaminu j\u0119zykowego?<\/li>\n<li>potrzebujesz pomocy przy pisaniu tekst\u00f3w lub przygotowywaniu przem\u00f3wie\u0144?<\/li>\n<li>interesuje Ci\u0119 niemiecka kultura i historia?<\/li>\n<\/ul>\n<p>Jako kompetentny partner w tej dziedzinie oferuj\u0119 Ci:<\/p>\n<p><\/p>\n<ul>\n<li>zaj\u0119cia dopasowane do Twoich potrzeb<\/li>\n<li>maksymalnie elastyczne i bardzo skuteczne.<\/li>\n<\/ul>\n<p>Ucz si\u0119 j\u0119zyka niemieckiego poprzez dialog ze mn\u0105 w Berlinie i Poczdamie lub online na Skypie lub Zoomie. Skontaktuj si\u0119 ze mn\u0105 i um\u00f3w bezp\u0142atn\u0105 konsultacj\u0119 w formie wideorozmowy.<\/p><p><br><\/p>\n<p><\/p>\n<p>Ju\u017c ciesz\u0119 si\u0119 na nasze spotkanie.<b>&nbsp;<\/b><\/p>\n<p><b>Marie Luise Kretschmer<\/b><\/p>\t\t\t\t\t\t\t\t<\/div>\n\t\t\t\t<\/div>\n\t\t\t\t<div class=\"elementor-element elementor-element-91be29c elementor-widget elementor-widget-spacer\" data-id=\"91be29c\" data-element_type=\"widget\" data-widget_type=\"spacer.default\">\n\t\t\t\t<div class=\"elementor-widget-container\">\n\t\t\t\t\t\t\t<div class=\"elementor-spacer\">\n\t\t\t<div class=\"elementor-spacer-inner\"><\/div>\n\t\t<\/div>\n\t\t\t\t\t\t<\/div>\n\t\t\t\t<\/div>\n\t\t\t\t<section class=\"elementor-section elementor-inner-section elementor-element elementor-element-3313151 elementor-section-boxed elementor-section-height-default elementor-section-height-default\" data-id=\"3313151\" data-element_type=\"section\">\n\t\t\t\t\t\t<div class=\"elementor-container elementor-column-gap-default\">\n\t\t\t\t\t<div class=\"elementor-column elementor-col-50 elementor-inner-column elementor-element elementor-element-7e22175\" data-id=\"7e22175\" data-element_type=\"column\">\n\t\t\t<div class=\"elementor-widget-wrap elementor-element-populated\">\n\t\t\t\t\t\t<div class=\"elementor-element elementor-element-65f3c7b elementor-widget elementor-widget-image\" data-id=\"65f3c7b\" data-element_type=\"widget\" data-widget_type=\"image.default\">\n\t\t\t\t<div class=\"elementor-widget-container\">\n\t\t\t\t\t\t\t\t\t\t\t\t\t\t\t<img fetchpriority=\"high\" decoding=\"async\" width=\"385\" height=\"172\" src=\"https:\/\/deutsch-im-dialog.eu\/wp-content\/uploads\/goethe-institut-deutsche-lernen.jpg\" class=\"attachment-large size-large wp-image-909\" alt=\"\" srcset=\"https:\/\/deutsch-im-dialog.eu\/wp-content\/uploads\/goethe-institut-deutsche-lernen.jpg 385w, https:\/\/deutsch-im-dialog.eu\/wp-content\/uploads\/goethe-institut-deutsche-lernen-300x134.jpg 300w\" sizes=\"(max-width: 385px) 100vw, 385px\" \/>\t\t\t\t\t\t\t\t\t\t\t\t\t\t\t<\/div>\n\t\t\t\t<\/div>\n\t\t\t\t\t<\/div>\n\t\t<\/div>\n\t\t\t\t<div class=\"elementor-column elementor-col-50 elementor-inner-column elementor-element elementor-element-ac1f541\" data-id=\"ac1f541\" data-element_type=\"column\">\n\t\t\t<div class=\"elementor-widget-wrap elementor-element-populated\">\n\t\t\t\t\t\t<div class=\"elementor-element elementor-element-0bdd9fe elementor-widget elementor-widget-image\" data-id=\"0bdd9fe\" data-element_type=\"widget\" data-widget_type=\"image.default\">\n\t\t\t\t<div class=\"elementor-widget-container\">\n\t\t\t\t\t\t\t\t\t\t\t\t\t\t\t<img decoding=\"async\" width=\"183\" height=\"105\" src=\"https:\/\/deutsch-im-dialog.eu\/wp-content\/uploads\/logo-telk.jpg\" class=\"attachment-large size-large wp-image-664\" alt=\"\" \/>\t\t\t\t\t\t\t\t\t\t\t\t\t\t\t<\/div>\n\t\t\t\t<\/div>\n\t\t\t\t\t<\/div>\n\t\t<\/div>\n\t\t\t\t\t<\/div>\n\t\t<\/section>\n\t\t\t\t<div class=\"elementor-element elementor-element-45fcb29 elementor-widget elementor-widget-text-editor\" data-id=\"45fcb29\" data-element_type=\"widget\" data-widget_type=\"text-editor.default\">\n\t\t\t\t<div class=\"elementor-widget-container\">\n\t\t\t\t\t\t\t\t\t<p><span style=\"color: #999999;\">Posiadam certyfikat Instytutu Goethego w zakresie metodyki i dydaktyki nauczania j\u0119zyka niemieckiego jako j\u0119zyka obcego oraz jestem certyfikowanym (TELC) nauczycielem wymowy z d\u0142ugoletnim do\u015bwiadczeniem.<\/span><\/p>\t\t\t\t\t\t\t\t<\/div>\n\t\t\t\t<\/div>\n\t\t\t\t\t<\/div>\n\t\t<\/div>\n\t\t\t\t<div class=\"elementor-column elementor-col-50 elementor-top-column elementor-element elementor-element-6a4f221\" data-id=\"6a4f221\" data-element_type=\"column\">\n\t\t\t<div class=\"elementor-widget-wrap elementor-element-populated\">\n\t\t\t\t\t\t<div class=\"elementor-element elementor-element-db2afc4 elementor-widget elementor-widget-image\" data-id=\"db2afc4\" data-element_type=\"widget\" data-widget_type=\"image.default\">\n\t\t\t\t<div class=\"elementor-widget-container\">\n\t\t\t\t\t\t\t\t\t\t\t\t\t\t\t<img decoding=\"async\" width=\"550\" height=\"400\" src=\"https:\/\/deutsch-im-dialog.eu\/wp-content\/uploads\/deutsch-im-dialog-brandenburger-tor_.jpg\" class=\"attachment-large size-large wp-image-106\" alt=\"\" srcset=\"https:\/\/deutsch-im-dialog.eu\/wp-content\/uploads\/deutsch-im-dialog-brandenburger-tor_.jpg 550w, https:\/\/deutsch-im-dialog.eu\/wp-content\/uploads\/deutsch-im-dialog-brandenburger-tor_-300x218.jpg 300w\" sizes=\"(max-width: 550px) 100vw, 550px\" \/>\t\t\t\t\t\t\t\t\t\t\t\t\t\t\t<\/div>\n\t\t\t\t<\/div>\n\t\t\t\t<div class=\"elementor-element elementor-element-f887aa2 elementor-widget elementor-widget-spacer\" data-id=\"f887aa2\" data-element_type=\"widget\" data-widget_type=\"spacer.default\">\n\t\t\t\t<div class=\"elementor-widget-container\">\n\t\t\t\t\t\t\t<div class=\"elementor-spacer\">\n\t\t\t<div class=\"elementor-spacer-inner\"><\/div>\n\t\t<\/div>\n\t\t\t\t\t\t<\/div>\n\t\t\t\t<\/div>\n\t\t\t\t<section class=\"elementor-section elementor-inner-section elementor-element elementor-element-ffaa676 elementor-section-boxed elementor-section-height-default elementor-section-height-default\" data-id=\"ffaa676\" data-element_type=\"section\">\n\t\t\t\t\t\t<div class=\"elementor-container elementor-column-gap-default\">\n\t\t\t\t\t<div class=\"elementor-column elementor-col-50 elementor-inner-column elementor-element elementor-element-1b290c9\" data-id=\"1b290c9\" data-element_type=\"column\">\n\t\t\t<div class=\"elementor-widget-wrap elementor-element-populated\">\n\t\t\t\t\t\t<div class=\"elementor-element elementor-element-2057777 elementor-widget elementor-widget-image\" data-id=\"2057777\" data-element_type=\"widget\" data-widget_type=\"image.default\">\n\t\t\t\t<div class=\"elementor-widget-container\">\n\t\t\t\t\t\t\t\t\t\t\t\t\t\t\t<img loading=\"lazy\" decoding=\"async\" width=\"36\" height=\"33\" src=\"https:\/\/deutsch-im-dialog.eu\/wp-content\/uploads\/anfuehrungszeichen.png\" class=\"attachment-large size-large wp-image-100\" alt=\"\" \/>\t\t\t\t\t\t\t\t\t\t\t\t\t\t\t<\/div>\n\t\t\t\t<\/div>\n\t\t\t\t\t<\/div>\n\t\t<\/div>\n\t\t\t\t<div class=\"elementor-column elementor-col-50 elementor-inner-column elementor-element elementor-element-9e3914f\" data-id=\"9e3914f\" data-element_type=\"column\">\n\t\t\t<div class=\"elementor-widget-wrap elementor-element-populated\">\n\t\t\t\t\t\t<div class=\"elementor-element elementor-element-efeec45 elementor-widget elementor-widget-text-editor\" data-id=\"efeec45\" data-element_type=\"widget\" data-widget_type=\"text-editor.default\">\n\t\t\t\t<div class=\"elementor-widget-container\">\n\t\t\t\t\t\t\t\t\t<h3>Ka\u017cdy j\u0119zyk jest kluczem do ludzkich dusz.<\/h3>\t\t\t\t\t\t\t\t<\/div>\n\t\t\t\t<\/div>\n\t\t\t\t<div class=\"elementor-element elementor-element-d08fbb5 elementor-widget elementor-widget-text-editor\" data-id=\"d08fbb5\" data-element_type=\"widget\" data-widget_type=\"text-editor.default\">\n\t\t\t\t<div class=\"elementor-widget-container\">\n\t\t\t\t\t\t\t\t\t<p>Erika Stucky, ameryka\u0144sko-szwajcarska artystka i piosenkarka<\/p>\t\t\t\t\t\t\t\t<\/div>\n\t\t\t\t<\/div>\n\t\t\t\t\t<\/div>\n\t\t<\/div>\n\t\t\t\t\t<\/div>\n\t\t<\/section>\n\t\t\t\t<div class=\"elementor-element elementor-element-81dbf46 elementor-widget elementor-widget-spacer\" data-id=\"81dbf46\" data-element_type=\"widget\" data-widget_type=\"spacer.default\">\n\t\t\t\t<div class=\"elementor-widget-container\">\n\t\t\t\t\t\t\t<div class=\"elementor-spacer\">\n\t\t\t<div class=\"elementor-spacer-inner\"><\/div>\n\t\t<\/div>\n\t\t\t\t\t\t<\/div>\n\t\t\t\t<\/div>\n\t\t\t\t<section class=\"elementor-section elementor-inner-section elementor-element elementor-element-83604a3 elementor-section-boxed elementor-section-height-default elementor-section-height-default\" data-id=\"83604a3\" data-element_type=\"section\">\n\t\t\t\t\t\t<div class=\"elementor-container elementor-column-gap-default\">\n\t\t\t\t\t<div class=\"elementor-column elementor-col-50 elementor-inner-column elementor-element elementor-element-f05efaa\" data-id=\"f05efaa\" data-element_type=\"column\">\n\t\t\t<div class=\"elementor-widget-wrap elementor-element-populated\">\n\t\t\t\t\t\t<div class=\"elementor-element elementor-element-a9f4d2d elementor-widget elementor-widget-image\" data-id=\"a9f4d2d\" data-element_type=\"widget\" data-widget_type=\"image.default\">\n\t\t\t\t<div class=\"elementor-widget-container\">\n\t\t\t\t\t\t\t\t\t\t\t\t\t\t\t<img loading=\"lazy\" decoding=\"async\" width=\"550\" height=\"400\" src=\"https:\/\/deutsch-im-dialog.eu\/wp-content\/uploads\/deutsch-im-dialog-sans-souci_.jpg\" class=\"attachment-large size-large wp-image-109\" alt=\"\" srcset=\"https:\/\/deutsch-im-dialog.eu\/wp-content\/uploads\/deutsch-im-dialog-sans-souci_.jpg 550w, https:\/\/deutsch-im-dialog.eu\/wp-content\/uploads\/deutsch-im-dialog-sans-souci_-300x218.jpg 300w\" sizes=\"(max-width: 550px) 100vw, 550px\" \/>\t\t\t\t\t\t\t\t\t\t\t\t\t\t\t<\/div>\n\t\t\t\t<\/div>\n\t\t\t\t\t<\/div>\n\t\t<\/div>\n\t\t\t\t<div class=\"elementor-column elementor-col-50 elementor-inner-column elementor-element elementor-element-042738e\" data-id=\"042738e\" data-element_type=\"column\">\n\t\t\t<div class=\"elementor-widget-wrap elementor-element-populated\">\n\t\t\t\t\t\t<div class=\"elementor-element elementor-element-09e6ae7 elementor-widget elementor-widget-image\" data-id=\"09e6ae7\" data-element_type=\"widget\" data-widget_type=\"image.default\">\n\t\t\t\t<div class=\"elementor-widget-container\">\n\t\t\t\t\t\t\t\t\t\t\t\t\t\t\t<img loading=\"lazy\" decoding=\"async\" width=\"550\" height=\"400\" src=\"https:\/\/deutsch-im-dialog.eu\/wp-content\/uploads\/deutsch-im-dialog-glienicker-bruecke.jpg\" class=\"attachment-large size-large wp-image-110\" alt=\"\" srcset=\"https:\/\/deutsch-im-dialog.eu\/wp-content\/uploads\/deutsch-im-dialog-glienicker-bruecke.jpg 550w, https:\/\/deutsch-im-dialog.eu\/wp-content\/uploads\/deutsch-im-dialog-glienicker-bruecke-300x218.jpg 300w\" sizes=\"(max-width: 550px) 100vw, 550px\" \/>\t\t\t\t\t\t\t\t\t\t\t\t\t\t\t<\/div>\n\t\t\t\t<\/div>\n\t\t\t\t\t<\/div>\n\t\t<\/div>\n\t\t\t\t\t<\/div>\n\t\t<\/section>\n\t\t\t\t\t<\/div>\n\t\t<\/div>\n\t\t\t\t\t<\/div>\n\t\t<\/section>\n\t\t\t\t<section class=\"elementor-section elementor-top-section elementor-element elementor-element-5c811d0 elementor-section-boxed elementor-section-height-default elementor-section-height-default\" data-id=\"5c811d0\" data-element_type=\"section\">\n\t\t\t\t\t\t<div class=\"elementor-container elementor-column-gap-default\">\n\t\t\t\t\t<div class=\"elementor-column elementor-col-100 elementor-top-column elementor-element elementor-element-7fdfe85\" data-id=\"7fdfe85\" data-element_type=\"column\">\n\t\t\t<div class=\"elementor-widget-wrap elementor-element-populated\">\n\t\t\t\t\t\t<div class=\"elementor-element elementor-element-64354c8 elementor-widget elementor-widget-spacer\" data-id=\"64354c8\" data-element_type=\"widget\" data-widget_type=\"spacer.default\">\n\t\t\t\t<div class=\"elementor-widget-container\">\n\t\t\t\t\t\t\t<div class=\"elementor-spacer\">\n\t\t\t<div class=\"elementor-spacer-inner\"><\/div>\n\t\t<\/div>\n\t\t\t\t\t\t<\/div>\n\t\t\t\t<\/div>\n\t\t\t\t\t<\/div>\n\t\t<\/div>\n\t\t\t\t\t<\/div>\n\t\t<\/section>\n\t\t\t\t<section class=\"elementor-section elementor-top-section elementor-element elementor-element-2a33339 elementor-section-boxed elementor-section-height-default elementor-section-height-default\" data-id=\"2a33339\" data-element_type=\"section\">\n\t\t\t\t\t\t<div class=\"elementor-container elementor-column-gap-default\">\n\t\t\t\t\t<div class=\"elementor-column elementor-col-100 elementor-top-column elementor-element elementor-element-375e822\" data-id=\"375e822\" data-element_type=\"column\" data-settings=\"{&quot;background_background&quot;:&quot;classic&quot;}\">\n\t\t\t<div class=\"elementor-widget-wrap elementor-element-populated\">\n\t\t\t\t\t\t<section class=\"elementor-section elementor-inner-section elementor-element elementor-element-bafd3af elementor-section-boxed elementor-section-height-default elementor-section-height-default\" data-id=\"bafd3af\" data-element_type=\"section\">\n\t\t\t\t\t\t<div class=\"elementor-container elementor-column-gap-default\">\n\t\t\t\t\t<div class=\"elementor-column elementor-col-50 elementor-inner-column elementor-element elementor-element-ca53efd\" data-id=\"ca53efd\" data-element_type=\"column\">\n\t\t\t<div class=\"elementor-widget-wrap elementor-element-populated\">\n\t\t\t\t\t\t<div class=\"elementor-element elementor-element-a6fd9ab elementor-widget elementor-widget-heading\" data-id=\"a6fd9ab\" data-element_type=\"widget\" data-widget_type=\"heading.default\">\n\t\t\t\t<div class=\"elementor-widget-container\">\n\t\t\t\t\t<h2 class=\"elementor-heading-title elementor-size-default\">Aktualno\u015bci \u2013 Pandemia koronawirusa<\/h2>\t\t\t\t<\/div>\n\t\t\t\t<\/div>\n\t\t\t\t<div class=\"elementor-element elementor-element-4e596b6 elementor-widget elementor-widget-text-editor\" data-id=\"4e596b6\" data-element_type=\"widget\" data-widget_type=\"text-editor.default\">\n\t\t\t\t<div class=\"elementor-widget-container\">\n\t\t\t\t\t\t\t\t\t<p class=\"translation-block\"><b>Kursy online<\/b> mog\u0105 si\u0119 odbywa\u0107 bez ogranicze\u0144. <b>Kursy stacjonarne<\/b> na miejscu prowadz\u0119 z zachowaniem wszelkich \u015brodk\u00f3w ostro\u017cno\u015bci i higieny. <b>Kursy hybrydowe<\/b> za\u015b umo\u017cliwiaj\u0105, w zale\u017cno\u015bci od aktualnej sytuacji, elastyczne po\u0142\u0105czenie zaj\u0119\u0107 online i stacjonarnych. Program kulturalny jest obecnie mo\u017cliwy niestety jedynie w ograniczonym zakresie.<\/p>\t\t\t\t\t\t\t\t<\/div>\n\t\t\t\t<\/div>\n\t\t\t\t\t<\/div>\n\t\t<\/div>\n\t\t\t\t<div class=\"elementor-column elementor-col-50 elementor-inner-column elementor-element elementor-element-3145de8\" data-id=\"3145de8\" data-element_type=\"column\">\n\t\t\t<div class=\"elementor-widget-wrap elementor-element-populated\">\n\t\t\t\t\t\t<div class=\"elementor-element elementor-element-42076d7 elementor-widget elementor-widget-text-editor\" data-id=\"42076d7\" data-element_type=\"widget\" data-widget_type=\"text-editor.default\">\n\t\t\t\t<div class=\"elementor-widget-container\">\n\t\t\t\t\t\t\t\t\t<p>Tutaj znajdziesz obszerny glosariusz tematyczny przygotowany przez redakcj\u0119 Cyfrowego S\u0142ownika J\u0119zyka Niemieckiego (DWDS), dokumentuj\u0105cy zmiany wywo\u0142ane pandemi\u0105 koronawirusa, znajduj\u0105ce odzwierciedlenie r\u00f3wnie\u017c w j\u0119zyku, oraz zawieraj\u0105cy definicje nowych poj\u0119\u0107: od zasad dotycz\u0105cych zachowania odst\u0119pu po obron\u0119 cywiln\u0105: <a style=\"background-color: #f4f4f4;\" href=\"https:\/\/www.dwds.de\/themenglossar\/Corona\" target=\"_blank\" rel=\"noopener\"><b>Von Abstandsregel bis Zivilschutz<\/b><\/a><\/p>\t\t\t\t\t\t\t\t<\/div>\n\t\t\t\t<\/div>\n\t\t\t\t\t<\/div>\n\t\t<\/div>\n\t\t\t\t\t<\/div>\n\t\t<\/section>\n\t\t\t\t\t<\/div>\n\t\t<\/div>\n\t\t\t\t\t<\/div>\n\t\t<\/section>\n\t\t\t\t<\/div>","protected":false},"excerpt":{"rendered":"<p>Deutsche Sprache lernen &#8211; deutsche Kultur erfahren &#8211; Deutschen begegnen Sie suchen individuelle Betreuung beim Deutsch lernen, weil Sie in Deutschland arbeiten oder studieren m\u00f6chten? Ihre Aussprache verbessern wollen? sich auf eine Sprachpr\u00fcfung vorbereiten m\u00fcssen? Hilfe beim Schreiben von Texten oder Vorbereiten einer Rede suchen? neugierig auf deutsche Kultur und Geschichte sind? Dann bin ich &#8230; <a title=\"Sprache &#038; Kultur\" class=\"read-more\" href=\"https:\/\/deutsch-im-dialog.eu\/pl\/\" aria-label=\"Dowiedz si\u0119 wi\u0119cej o Sprache &#038; Kultur\">Dowiedz si\u0119 wi\u0119cej<\/a><\/p>","protected":false},"author":1,"featured_media":0,"parent":0,"menu_order":1,"comment_status":"closed","ping_status":"closed","template":"elementor_canvas","meta":{"footnotes":""},"class_list":["post-8","page","type-page","status-publish"],"aioseo_notices":[],"_links":{"self":[{"href":"https:\/\/deutsch-im-dialog.eu\/pl\/wp-json\/wp\/v2\/pages\/8","targetHints":{"allow":["GET"]}}],"collection":[{"href":"https:\/\/deutsch-im-dialog.eu\/pl\/wp-json\/wp\/v2\/pages"}],"about":[{"href":"https:\/\/deutsch-im-dialog.eu\/pl\/wp-json\/wp\/v2\/types\/page"}],"author":[{"embeddable":true,"href":"https:\/\/deutsch-im-dialog.eu\/pl\/wp-json\/wp\/v2\/users\/1"}],"replies":[{"embeddable":true,"href":"https:\/\/deutsch-im-dialog.eu\/pl\/wp-json\/wp\/v2\/comments?post=8"}],"version-history":[{"count":153,"href":"https:\/\/deutsch-im-dialog.eu\/pl\/wp-json\/wp\/v2\/pages\/8\/revisions"}],"predecessor-version":[{"id":1637,"href":"https:\/\/deutsch-im-dialog.eu\/pl\/wp-json\/wp\/v2\/pages\/8\/revisions\/1637"}],"wp:attachment":[{"href":"https:\/\/deutsch-im-dialog.eu\/pl\/wp-json\/wp\/v2\/media?parent=8"}],"curies":[{"name":"wp","href":"https:\/\/api.w.org\/{rel}","templated":true}]}}