{"id":8,"date":"2020-07-15T09:46:26","date_gmt":"2020-07-15T07:46:26","guid":{"rendered":"https:\/\/deutsch-im-dialog.eu\/?page_id=8"},"modified":"2021-03-05T10:21:10","modified_gmt":"2021-03-05T09:21:10","slug":"startseite-sprache-und-kultur","status":"publish","type":"page","link":"https:\/\/deutsch-im-dialog.eu\/fr\/","title":{"rendered":"Langue et culture"},"content":{"rendered":"<div data-elementor-type=\"wp-page\" data-elementor-id=\"8\" class=\"elementor elementor-8\">\n\t\t\t\t\t\t<section class=\"elementor-section elementor-top-section elementor-element elementor-element-c37facd elementor-section-boxed elementor-section-height-default elementor-section-height-default\" data-id=\"c37facd\" data-element_type=\"section\">\n\t\t\t\t\t\t<div class=\"elementor-container elementor-column-gap-default\">\n\t\t\t\t\t<div class=\"elementor-column elementor-col-50 elementor-top-column elementor-element elementor-element-a27834b\" data-id=\"a27834b\" data-element_type=\"column\">\n\t\t\t<div class=\"elementor-widget-wrap elementor-element-populated\">\n\t\t\t\t\t\t<div class=\"elementor-element elementor-element-d70af00 elementor-widget elementor-widget-spacer\" data-id=\"d70af00\" data-element_type=\"widget\" data-widget_type=\"spacer.default\">\n\t\t\t\t<div class=\"elementor-widget-container\">\n\t\t\t\t\t\t\t<div class=\"elementor-spacer\">\n\t\t\t<div class=\"elementor-spacer-inner\"><\/div>\n\t\t<\/div>\n\t\t\t\t\t\t<\/div>\n\t\t\t\t<\/div>\n\t\t\t\t<div class=\"elementor-element elementor-element-24214e2 elementor-widget elementor-widget-heading\" data-id=\"24214e2\" data-element_type=\"widget\" data-widget_type=\"heading.default\">\n\t\t\t\t<div class=\"elementor-widget-container\">\n\t\t\t\t\t<h1 class=\"elementor-heading-title elementor-size-default\">Apprendre la langue allemande \u2013 d\u00e9couvrir la culture allemande \u2013 rencontrer des Allemands<\/h1>\t\t\t\t<\/div>\n\t\t\t\t<\/div>\n\t\t\t\t<div class=\"elementor-element elementor-element-8de2649 elementor-widget elementor-widget-spacer\" data-id=\"8de2649\" data-element_type=\"widget\" data-widget_type=\"spacer.default\">\n\t\t\t\t<div class=\"elementor-widget-container\">\n\t\t\t\t\t\t\t<div class=\"elementor-spacer\">\n\t\t\t<div class=\"elementor-spacer-inner\"><\/div>\n\t\t<\/div>\n\t\t\t\t\t\t<\/div>\n\t\t\t\t<\/div>\n\t\t\t\t<div class=\"elementor-element elementor-element-663e318 elementor-widget elementor-widget-text-editor\" data-id=\"663e318\" data-element_type=\"widget\" data-widget_type=\"text-editor.default\">\n\t\t\t\t<div class=\"elementor-widget-container\">\n\t\t\t\t\t\t\t\t\t<p>Vous apprenez l\u2019allemand et recherchez un accompagnement individuel car vous<\/p>\n<p><\/p>\n<ul>\n<li>souhaitez travailler ou \u00e9tudier en Allemagne ?<\/li>\n<li>voulez am\u00e9liorer votre prononciation ?<\/li>\n<li>devez pr\u00e9parer un test linguistique ?<\/li>\n<li>recherchez de l\u2019aide pour r\u00e9diger des textes ou pr\u00e9parer un discours ?<\/li>\n<li>vous int\u00e9ressez \u00e0 la culture et \u00e0 l\u2019histoire allemandes ?<\/li>\n<\/ul>\n<p>Dans ce cas, je suis la partenaire qu\u2019il vous faut et vous propose :<\/p>\n<p><\/p>\n<ul>\n<li>des cours adapt\u00e9s exactement \u00e0 votre profil<\/li>\n<li>avec un maximum de flexibilit\u00e9 et d\u2019efficacit\u00e9.<\/li>\n<\/ul>\n<p>Apprenez l\u2019allemand en dialoguant avec moi, \u00e0 Berlin ou Potsdam ou en ligne via Skype ou Zoom.\nContactez-moi pour une discussion pr\u00e9alable gratuite en vid\u00e9o.<\/p><p><br><\/p>\n<p><\/p>\n<p>Je suis impatiente de faire votre connaissance.<b>&nbsp;<\/b><\/p>\n<p><b>Marie Luise Kretschmer<\/b><\/p>\t\t\t\t\t\t\t\t<\/div>\n\t\t\t\t<\/div>\n\t\t\t\t<div class=\"elementor-element elementor-element-91be29c elementor-widget elementor-widget-spacer\" data-id=\"91be29c\" data-element_type=\"widget\" data-widget_type=\"spacer.default\">\n\t\t\t\t<div class=\"elementor-widget-container\">\n\t\t\t\t\t\t\t<div class=\"elementor-spacer\">\n\t\t\t<div class=\"elementor-spacer-inner\"><\/div>\n\t\t<\/div>\n\t\t\t\t\t\t<\/div>\n\t\t\t\t<\/div>\n\t\t\t\t<section class=\"elementor-section elementor-inner-section elementor-element elementor-element-3313151 elementor-section-boxed elementor-section-height-default elementor-section-height-default\" data-id=\"3313151\" data-element_type=\"section\">\n\t\t\t\t\t\t<div class=\"elementor-container elementor-column-gap-default\">\n\t\t\t\t\t<div class=\"elementor-column elementor-col-50 elementor-inner-column elementor-element elementor-element-7e22175\" data-id=\"7e22175\" data-element_type=\"column\">\n\t\t\t<div class=\"elementor-widget-wrap elementor-element-populated\">\n\t\t\t\t\t\t<div class=\"elementor-element elementor-element-65f3c7b elementor-widget elementor-widget-image\" data-id=\"65f3c7b\" data-element_type=\"widget\" data-widget_type=\"image.default\">\n\t\t\t\t<div class=\"elementor-widget-container\">\n\t\t\t\t\t\t\t\t\t\t\t\t\t\t\t<img fetchpriority=\"high\" decoding=\"async\" width=\"385\" height=\"172\" src=\"https:\/\/deutsch-im-dialog.eu\/wp-content\/uploads\/goethe-institut-deutsche-lernen.jpg\" class=\"attachment-large size-large wp-image-909\" alt=\"\" srcset=\"https:\/\/deutsch-im-dialog.eu\/wp-content\/uploads\/goethe-institut-deutsche-lernen.jpg 385w, https:\/\/deutsch-im-dialog.eu\/wp-content\/uploads\/goethe-institut-deutsche-lernen-300x134.jpg 300w\" sizes=\"(max-width: 385px) 100vw, 385px\" \/>\t\t\t\t\t\t\t\t\t\t\t\t\t\t\t<\/div>\n\t\t\t\t<\/div>\n\t\t\t\t\t<\/div>\n\t\t<\/div>\n\t\t\t\t<div class=\"elementor-column elementor-col-50 elementor-inner-column elementor-element elementor-element-ac1f541\" data-id=\"ac1f541\" data-element_type=\"column\">\n\t\t\t<div class=\"elementor-widget-wrap elementor-element-populated\">\n\t\t\t\t\t\t<div class=\"elementor-element elementor-element-0bdd9fe elementor-widget elementor-widget-image\" data-id=\"0bdd9fe\" data-element_type=\"widget\" data-widget_type=\"image.default\">\n\t\t\t\t<div class=\"elementor-widget-container\">\n\t\t\t\t\t\t\t\t\t\t\t\t\t\t\t<img decoding=\"async\" width=\"183\" height=\"105\" src=\"https:\/\/deutsch-im-dialog.eu\/wp-content\/uploads\/logo-telk.jpg\" class=\"attachment-large size-large wp-image-664\" alt=\"\" \/>\t\t\t\t\t\t\t\t\t\t\t\t\t\t\t<\/div>\n\t\t\t\t<\/div>\n\t\t\t\t\t<\/div>\n\t\t<\/div>\n\t\t\t\t\t<\/div>\n\t\t<\/section>\n\t\t\t\t<div class=\"elementor-element elementor-element-45fcb29 elementor-widget elementor-widget-text-editor\" data-id=\"45fcb29\" data-element_type=\"widget\" data-widget_type=\"text-editor.default\">\n\t\t\t\t<div class=\"elementor-widget-container\">\n\t\t\t\t\t\t\t\t\t<p><span style=\"color: #999999;\">Je suis certifi\u00e9e en m\u00e9thodologie et didactique pour l\u2019enseignement de l\u2019allemand langue \u00e9trang\u00e8re par le Goethe-Institut et professeure de prononciation certifi\u00e9e telc et forte d\u2019une longue exp\u00e9rience.<\/span><\/p>\t\t\t\t\t\t\t\t<\/div>\n\t\t\t\t<\/div>\n\t\t\t\t\t<\/div>\n\t\t<\/div>\n\t\t\t\t<div class=\"elementor-column elementor-col-50 elementor-top-column elementor-element elementor-element-6a4f221\" data-id=\"6a4f221\" data-element_type=\"column\">\n\t\t\t<div class=\"elementor-widget-wrap elementor-element-populated\">\n\t\t\t\t\t\t<div class=\"elementor-element elementor-element-db2afc4 elementor-widget elementor-widget-image\" data-id=\"db2afc4\" data-element_type=\"widget\" data-widget_type=\"image.default\">\n\t\t\t\t<div class=\"elementor-widget-container\">\n\t\t\t\t\t\t\t\t\t\t\t\t\t\t\t<img decoding=\"async\" width=\"550\" height=\"400\" src=\"https:\/\/deutsch-im-dialog.eu\/wp-content\/uploads\/deutsch-im-dialog-brandenburger-tor_.jpg\" class=\"attachment-large size-large wp-image-106\" alt=\"\" srcset=\"https:\/\/deutsch-im-dialog.eu\/wp-content\/uploads\/deutsch-im-dialog-brandenburger-tor_.jpg 550w, https:\/\/deutsch-im-dialog.eu\/wp-content\/uploads\/deutsch-im-dialog-brandenburger-tor_-300x218.jpg 300w\" sizes=\"(max-width: 550px) 100vw, 550px\" \/>\t\t\t\t\t\t\t\t\t\t\t\t\t\t\t<\/div>\n\t\t\t\t<\/div>\n\t\t\t\t<div class=\"elementor-element elementor-element-f887aa2 elementor-widget elementor-widget-spacer\" data-id=\"f887aa2\" data-element_type=\"widget\" data-widget_type=\"spacer.default\">\n\t\t\t\t<div class=\"elementor-widget-container\">\n\t\t\t\t\t\t\t<div class=\"elementor-spacer\">\n\t\t\t<div class=\"elementor-spacer-inner\"><\/div>\n\t\t<\/div>\n\t\t\t\t\t\t<\/div>\n\t\t\t\t<\/div>\n\t\t\t\t<section class=\"elementor-section elementor-inner-section elementor-element elementor-element-ffaa676 elementor-section-boxed elementor-section-height-default elementor-section-height-default\" data-id=\"ffaa676\" data-element_type=\"section\">\n\t\t\t\t\t\t<div class=\"elementor-container elementor-column-gap-default\">\n\t\t\t\t\t<div class=\"elementor-column elementor-col-50 elementor-inner-column elementor-element elementor-element-1b290c9\" data-id=\"1b290c9\" data-element_type=\"column\">\n\t\t\t<div class=\"elementor-widget-wrap elementor-element-populated\">\n\t\t\t\t\t\t<div class=\"elementor-element elementor-element-2057777 elementor-widget elementor-widget-image\" data-id=\"2057777\" data-element_type=\"widget\" data-widget_type=\"image.default\">\n\t\t\t\t<div class=\"elementor-widget-container\">\n\t\t\t\t\t\t\t\t\t\t\t\t\t\t\t<img loading=\"lazy\" decoding=\"async\" width=\"36\" height=\"33\" src=\"https:\/\/deutsch-im-dialog.eu\/wp-content\/uploads\/anfuehrungszeichen.png\" class=\"attachment-large size-large wp-image-100\" alt=\"\" \/>\t\t\t\t\t\t\t\t\t\t\t\t\t\t\t<\/div>\n\t\t\t\t<\/div>\n\t\t\t\t\t<\/div>\n\t\t<\/div>\n\t\t\t\t<div class=\"elementor-column elementor-col-50 elementor-inner-column elementor-element elementor-element-9e3914f\" data-id=\"9e3914f\" data-element_type=\"column\">\n\t\t\t<div class=\"elementor-widget-wrap elementor-element-populated\">\n\t\t\t\t\t\t<div class=\"elementor-element elementor-element-efeec45 elementor-widget elementor-widget-text-editor\" data-id=\"efeec45\" data-element_type=\"widget\" data-widget_type=\"text-editor.default\">\n\t\t\t\t<div class=\"elementor-widget-container\">\n\t\t\t\t\t\t\t\t\t<h3>Chaque langue est une cl\u00e9 qui ouvre vers l\u2019\u00e2me humaine.<\/h3>\t\t\t\t\t\t\t\t<\/div>\n\t\t\t\t<\/div>\n\t\t\t\t<div class=\"elementor-element elementor-element-d08fbb5 elementor-widget elementor-widget-text-editor\" data-id=\"d08fbb5\" data-element_type=\"widget\" data-widget_type=\"text-editor.default\">\n\t\t\t\t<div class=\"elementor-widget-container\">\n\t\t\t\t\t\t\t\t\t<p>Erika Stucky, musicienne am\u00e9ricano-suisse<\/p>\t\t\t\t\t\t\t\t<\/div>\n\t\t\t\t<\/div>\n\t\t\t\t\t<\/div>\n\t\t<\/div>\n\t\t\t\t\t<\/div>\n\t\t<\/section>\n\t\t\t\t<div class=\"elementor-element elementor-element-81dbf46 elementor-widget elementor-widget-spacer\" data-id=\"81dbf46\" data-element_type=\"widget\" data-widget_type=\"spacer.default\">\n\t\t\t\t<div class=\"elementor-widget-container\">\n\t\t\t\t\t\t\t<div class=\"elementor-spacer\">\n\t\t\t<div class=\"elementor-spacer-inner\"><\/div>\n\t\t<\/div>\n\t\t\t\t\t\t<\/div>\n\t\t\t\t<\/div>\n\t\t\t\t<section class=\"elementor-section elementor-inner-section elementor-element elementor-element-83604a3 elementor-section-boxed elementor-section-height-default elementor-section-height-default\" data-id=\"83604a3\" data-element_type=\"section\">\n\t\t\t\t\t\t<div class=\"elementor-container elementor-column-gap-default\">\n\t\t\t\t\t<div class=\"elementor-column elementor-col-50 elementor-inner-column elementor-element elementor-element-f05efaa\" data-id=\"f05efaa\" data-element_type=\"column\">\n\t\t\t<div class=\"elementor-widget-wrap elementor-element-populated\">\n\t\t\t\t\t\t<div class=\"elementor-element elementor-element-a9f4d2d elementor-widget elementor-widget-image\" data-id=\"a9f4d2d\" data-element_type=\"widget\" data-widget_type=\"image.default\">\n\t\t\t\t<div class=\"elementor-widget-container\">\n\t\t\t\t\t\t\t\t\t\t\t\t\t\t\t<img loading=\"lazy\" decoding=\"async\" width=\"550\" height=\"400\" src=\"https:\/\/deutsch-im-dialog.eu\/wp-content\/uploads\/deutsch-im-dialog-sans-souci_.jpg\" class=\"attachment-large size-large wp-image-109\" alt=\"\" srcset=\"https:\/\/deutsch-im-dialog.eu\/wp-content\/uploads\/deutsch-im-dialog-sans-souci_.jpg 550w, https:\/\/deutsch-im-dialog.eu\/wp-content\/uploads\/deutsch-im-dialog-sans-souci_-300x218.jpg 300w\" sizes=\"(max-width: 550px) 100vw, 550px\" \/>\t\t\t\t\t\t\t\t\t\t\t\t\t\t\t<\/div>\n\t\t\t\t<\/div>\n\t\t\t\t\t<\/div>\n\t\t<\/div>\n\t\t\t\t<div class=\"elementor-column elementor-col-50 elementor-inner-column elementor-element elementor-element-042738e\" data-id=\"042738e\" data-element_type=\"column\">\n\t\t\t<div class=\"elementor-widget-wrap elementor-element-populated\">\n\t\t\t\t\t\t<div class=\"elementor-element elementor-element-09e6ae7 elementor-widget elementor-widget-image\" data-id=\"09e6ae7\" data-element_type=\"widget\" data-widget_type=\"image.default\">\n\t\t\t\t<div class=\"elementor-widget-container\">\n\t\t\t\t\t\t\t\t\t\t\t\t\t\t\t<img loading=\"lazy\" decoding=\"async\" width=\"550\" height=\"400\" src=\"https:\/\/deutsch-im-dialog.eu\/wp-content\/uploads\/deutsch-im-dialog-glienicker-bruecke.jpg\" class=\"attachment-large size-large wp-image-110\" alt=\"\" srcset=\"https:\/\/deutsch-im-dialog.eu\/wp-content\/uploads\/deutsch-im-dialog-glienicker-bruecke.jpg 550w, https:\/\/deutsch-im-dialog.eu\/wp-content\/uploads\/deutsch-im-dialog-glienicker-bruecke-300x218.jpg 300w\" sizes=\"(max-width: 550px) 100vw, 550px\" \/>\t\t\t\t\t\t\t\t\t\t\t\t\t\t\t<\/div>\n\t\t\t\t<\/div>\n\t\t\t\t\t<\/div>\n\t\t<\/div>\n\t\t\t\t\t<\/div>\n\t\t<\/section>\n\t\t\t\t\t<\/div>\n\t\t<\/div>\n\t\t\t\t\t<\/div>\n\t\t<\/section>\n\t\t\t\t<section class=\"elementor-section elementor-top-section elementor-element elementor-element-5c811d0 elementor-section-boxed elementor-section-height-default elementor-section-height-default\" data-id=\"5c811d0\" data-element_type=\"section\">\n\t\t\t\t\t\t<div class=\"elementor-container elementor-column-gap-default\">\n\t\t\t\t\t<div class=\"elementor-column elementor-col-100 elementor-top-column elementor-element elementor-element-7fdfe85\" data-id=\"7fdfe85\" data-element_type=\"column\">\n\t\t\t<div class=\"elementor-widget-wrap elementor-element-populated\">\n\t\t\t\t\t\t<div class=\"elementor-element elementor-element-64354c8 elementor-widget elementor-widget-spacer\" data-id=\"64354c8\" data-element_type=\"widget\" data-widget_type=\"spacer.default\">\n\t\t\t\t<div class=\"elementor-widget-container\">\n\t\t\t\t\t\t\t<div class=\"elementor-spacer\">\n\t\t\t<div class=\"elementor-spacer-inner\"><\/div>\n\t\t<\/div>\n\t\t\t\t\t\t<\/div>\n\t\t\t\t<\/div>\n\t\t\t\t\t<\/div>\n\t\t<\/div>\n\t\t\t\t\t<\/div>\n\t\t<\/section>\n\t\t\t\t<section class=\"elementor-section elementor-top-section elementor-element elementor-element-2a33339 elementor-section-boxed elementor-section-height-default elementor-section-height-default\" data-id=\"2a33339\" data-element_type=\"section\">\n\t\t\t\t\t\t<div class=\"elementor-container elementor-column-gap-default\">\n\t\t\t\t\t<div class=\"elementor-column elementor-col-100 elementor-top-column elementor-element elementor-element-375e822\" data-id=\"375e822\" data-element_type=\"column\" data-settings=\"{&quot;background_background&quot;:&quot;classic&quot;}\">\n\t\t\t<div class=\"elementor-widget-wrap elementor-element-populated\">\n\t\t\t\t\t\t<section class=\"elementor-section elementor-inner-section elementor-element elementor-element-bafd3af elementor-section-boxed elementor-section-height-default elementor-section-height-default\" data-id=\"bafd3af\" data-element_type=\"section\">\n\t\t\t\t\t\t<div class=\"elementor-container elementor-column-gap-default\">\n\t\t\t\t\t<div class=\"elementor-column elementor-col-50 elementor-inner-column elementor-element elementor-element-ca53efd\" data-id=\"ca53efd\" data-element_type=\"column\">\n\t\t\t<div class=\"elementor-widget-wrap elementor-element-populated\">\n\t\t\t\t\t\t<div class=\"elementor-element elementor-element-a6fd9ab elementor-widget elementor-widget-heading\" data-id=\"a6fd9ab\" data-element_type=\"widget\" data-widget_type=\"heading.default\">\n\t\t\t\t<div class=\"elementor-widget-container\">\n\t\t\t\t\t<h2 class=\"elementor-heading-title elementor-size-default\">Informations actuelles relatives \u00e0 la pand\u00e9mie de Covid-19<\/h2>\t\t\t\t<\/div>\n\t\t\t\t<\/div>\n\t\t\t\t<div class=\"elementor-element elementor-element-4e596b6 elementor-widget elementor-widget-text-editor\" data-id=\"4e596b6\" data-element_type=\"widget\" data-widget_type=\"text-editor.default\">\n\t\t\t\t<div class=\"elementor-widget-container\">\n\t\t\t\t\t\t\t\t\t<p class=\"translation-block\"><b>Les cours en ligne<\/b> sont disponibles \u00e0 tout moment. <b>Les cours en pr\u00e9sentiel<\/b> ont lieu \u00e9videmment dans le respect des mesures de protection et d\u2019hygi\u00e8ne.\n<b>Les cours hybrides<\/b> vous permettent, selon la situation, de combiner en toute flexibilit\u00e9 les cours en ligne et les cours en pr\u00e9sentiel. Malheureusement, le programme culturel est actuellement tr\u00e8s limit\u00e9.<\/p>\t\t\t\t\t\t\t\t<\/div>\n\t\t\t\t<\/div>\n\t\t\t\t\t<\/div>\n\t\t<\/div>\n\t\t\t\t<div class=\"elementor-column elementor-col-50 elementor-inner-column elementor-element elementor-element-3145de8\" data-id=\"3145de8\" data-element_type=\"column\">\n\t\t\t<div class=\"elementor-widget-wrap elementor-element-populated\">\n\t\t\t\t\t\t<div class=\"elementor-element elementor-element-42076d7 elementor-widget elementor-widget-text-editor\" data-id=\"42076d7\" data-element_type=\"widget\" data-widget_type=\"text-editor.default\">\n\t\t\t\t<div class=\"elementor-widget-container\">\n\t\t\t\t\t\t\t\t\t<p>Retrouvez ici le glossaire th\u00e9matique complet de la r\u00e9daction du DWDS (dictionnaire num\u00e9rique de la langue allemande) qui documente les modifications de la langue li\u00e9es \u00e0 la pand\u00e9mie de Covid-19 et d\u00e9finit de nouveaux termes, allant de <a style=\"background-color: #f4f4f4;\" href=\"https:\/\/www.dwds.de\/themenglossar\/Corona\" target=\"_blank\" rel=\"noopener\"><b>\u00ab Abstandsregel \u00bb (r\u00e8gles de distanciation) \u00e0 \u00ab Zivilschutz \u00bb (protection civile)<\/b><\/a><\/p>\t\t\t\t\t\t\t\t<\/div>\n\t\t\t\t<\/div>\n\t\t\t\t\t<\/div>\n\t\t<\/div>\n\t\t\t\t\t<\/div>\n\t\t<\/section>\n\t\t\t\t\t<\/div>\n\t\t<\/div>\n\t\t\t\t\t<\/div>\n\t\t<\/section>\n\t\t\t\t<\/div>","protected":false},"excerpt":{"rendered":"<p>Deutsche Sprache lernen &#8211; deutsche Kultur erfahren &#8211; Deutschen begegnen Sie suchen individuelle Betreuung beim Deutsch lernen, weil Sie in Deutschland arbeiten oder studieren m\u00f6chten? Ihre Aussprache verbessern wollen? sich auf eine Sprachpr\u00fcfung vorbereiten m\u00fcssen? Hilfe beim Schreiben von Texten oder Vorbereiten einer Rede suchen? neugierig auf deutsche Kultur und Geschichte sind? Dann bin ich &#8230; <a title=\"Sprache &#038; Kultur\" class=\"read-more\" href=\"https:\/\/deutsch-im-dialog.eu\/fr\/\" aria-label=\"En savoir plus sur Sprache &#038; Kultur\">Lire la suite<\/a><\/p>","protected":false},"author":1,"featured_media":0,"parent":0,"menu_order":1,"comment_status":"closed","ping_status":"closed","template":"elementor_canvas","meta":{"footnotes":""},"class_list":["post-8","page","type-page","status-publish"],"aioseo_notices":[],"_links":{"self":[{"href":"https:\/\/deutsch-im-dialog.eu\/fr\/wp-json\/wp\/v2\/pages\/8","targetHints":{"allow":["GET"]}}],"collection":[{"href":"https:\/\/deutsch-im-dialog.eu\/fr\/wp-json\/wp\/v2\/pages"}],"about":[{"href":"https:\/\/deutsch-im-dialog.eu\/fr\/wp-json\/wp\/v2\/types\/page"}],"author":[{"embeddable":true,"href":"https:\/\/deutsch-im-dialog.eu\/fr\/wp-json\/wp\/v2\/users\/1"}],"replies":[{"embeddable":true,"href":"https:\/\/deutsch-im-dialog.eu\/fr\/wp-json\/wp\/v2\/comments?post=8"}],"version-history":[{"count":153,"href":"https:\/\/deutsch-im-dialog.eu\/fr\/wp-json\/wp\/v2\/pages\/8\/revisions"}],"predecessor-version":[{"id":1637,"href":"https:\/\/deutsch-im-dialog.eu\/fr\/wp-json\/wp\/v2\/pages\/8\/revisions\/1637"}],"wp:attachment":[{"href":"https:\/\/deutsch-im-dialog.eu\/fr\/wp-json\/wp\/v2\/media?parent=8"}],"curies":[{"name":"wp","href":"https:\/\/api.w.org\/{rel}","templated":true}]}}